{"id":71,"date":"2015-03-16T11:47:59","date_gmt":"2015-03-16T10:47:59","guid":{"rendered":"http:\/\/clubcanin-pam.com\/wp\/?page_id=71"},"modified":"2020-05-23T13:09:38","modified_gmt":"2020-05-23T12:09:38","slug":"presentation","status":"publish","type":"page","link":"http:\/\/clubcanin-pam.com\/wp\/le-club\/presentation\/","title":{"rendered":"Pr\u00e9sentation"},"content":{"rendered":"<h2>L&rsquo;association<\/h2>\n<div align=\"justify\">Le club Canin de Pont \u00e0 Mousson est une association type Loi de 1901, affili\u00e9e \u00e0 la <a href=\"https:\/\/www.centrale-canine.fr\/association-canine-territoriale-de-lorraine\" target=\"_blank\" rel=\"noopener noreferrer\">Soci\u00e9t\u00e9 Canine de Lorraine<\/a>, g\u00e9r\u00e9e enti\u00e8rement par des b\u00e9n\u00e9voles.<\/div>\n<div align=\"justify\">Consulter les\u00a0<a href=\"http:\/\/clubcanin-pam.com\/wp\/wp-content\/uploads\/2020\/05\/Statuts-Club-Canin-PAM-v2016.pdf\">Statuts version 2016.<\/a><\/div>\n<div align=\"justify\">Consulter\u00a0<a href=\"http:\/\/clubcanin-pam.com\/wp\/le-club\/presentation\/organigramme-associatif\/\">l&rsquo;organigramme<\/a>\u00a0de l&rsquo;affiliation de l&rsquo;association au niveau national.<\/div>\n<h2>Les personnes<\/h2>\n<div align=\"justify\">Les adh\u00e9rents \u00e9lisent leur comit\u00e9 pour ce qui est de l&rsquo;association, et sont encadr\u00e9s sur le terrain par des moniteurs dipl\u00f4m\u00e9s SCC b\u00e9n\u00e9voles.<\/div>\n<div align=\"justify\"><a href=\"http:\/\/clubcanin-pam.com\/wp\/le-club\/presentation\/le-comite\/\">Les\u00a0membres du comit\u00e9<\/a>.<\/div>\n<div align=\"justify\"><a href=\"http:\/\/clubcanin-pam.com\/wp\/le-club\/presentation\/les-moniteurs-et-leurs-chiens\/\">Les moniteurs<\/a>.<\/div>\n<h2>L&rsquo;adh\u00e9sion<\/h2>\n<div align=\"justify\">Pour toute inscription, le chien doit \u00eatre identifi\u00e9 (tatouage ou transpondeur) et vaccin\u00e9. Son propri\u00e9taire doit \u00eatre couvert par une assurance en Responsabilit\u00e9 civile.<\/div>\n<div align=\"justify\">Le montant de la cotisation annuelle pour une personne et un chien est de 100 euros.<\/div>\n<div align=\"justify\">T\u00e9l\u00e9charger la <a href=\"http:\/\/clubcanin-pam.com\/wp\/wp-content\/uploads\/2020\/05\/Fiche-Inscription-renseignements-corrig\u00e9e-1.pdf\">Fiche d&rsquo;inscription.<\/a><\/div>\n<div align=\"justify\"><\/div>\n<h2 align=\"justify\">Situation g\u00e9ographique<\/h2>\n<div align=\"justify\">\n<div align=\"justify\">Les adh\u00e9rents se r\u00e9unissent sur le terrain du club canin, clos et arbor\u00e9, et peuvent se retrouver dans un local chaleureux. Ce terrain est situ\u00e9 au P\u00e2quis, \u00e0 c\u00f4t\u00e9 de la Piscine Municipale et des terrains de football.<\/div>\n<div align=\"justify\">Consulter le\u00a0<a title=\"Coordonn\u00e9es\" href=\"http:\/\/clubcanin-pam.com\/wp\/le-club\/coordonnees\/\">plan de la ville et de l&rsquo;acc\u00e8s au club canin<\/a>.<\/div>\n<h2 align=\"justify\">Historique<\/h2>\n<div align=\"justify\">La m\u00e9moire du Club Canin de Pont \u00e0 Mousson, d\u00e9couvrir l&rsquo;<a href=\"http:\/\/clubcanin-pam.com\/wp\/le-club\/presentation\/historique-du-club-canin-de-pont-a-mousson\/\">historique\u00a0<\/a>du club.<\/div>\n<h2 align=\"justify\">Notre partenaire<\/h2>\n<div align=\"justify\"><a href=\"http:\/\/www.ville-pont-a-mousson.fr\/\" target=\"_blank\" rel=\"noopener noreferrer\"><img decoding=\"async\" class=\" alignnone\" src=\"http:\/\/clubcanin-pam.com\/liens\/ville%20PAM.jpg\" alt=\"\" width=\"168\" height=\"166\" border=\"1\" \/><\/a><\/div>\n<\/div>\n","protected":false},"excerpt":{"rendered":"<p>L&rsquo;association Le club Canin de Pont \u00e0 Mousson est une association type Loi de 1901, affili\u00e9e \u00e0 la Soci\u00e9t\u00e9 Canine [&hellip;]<\/p>\n","protected":false},"author":1,"featured_media":0,"parent":175,"menu_order":0,"comment_status":"open","ping_status":"open","template":"","meta":{"_mc_calendar":[],"footnotes":""},"class_list":["post-71","page","type-page","status-publish","hentry"],"_links":{"self":[{"href":"http:\/\/clubcanin-pam.com\/wp\/wp-json\/wp\/v2\/pages\/71","targetHints":{"allow":["GET"]}}],"collection":[{"href":"http:\/\/clubcanin-pam.com\/wp\/wp-json\/wp\/v2\/pages"}],"about":[{"href":"http:\/\/clubcanin-pam.com\/wp\/wp-json\/wp\/v2\/types\/page"}],"author":[{"embeddable":true,"href":"http:\/\/clubcanin-pam.com\/wp\/wp-json\/wp\/v2\/users\/1"}],"replies":[{"embeddable":true,"href":"http:\/\/clubcanin-pam.com\/wp\/wp-json\/wp\/v2\/comments?post=71"}],"version-history":[{"count":33,"href":"http:\/\/clubcanin-pam.com\/wp\/wp-json\/wp\/v2\/pages\/71\/revisions"}],"predecessor-version":[{"id":6752,"href":"http:\/\/clubcanin-pam.com\/wp\/wp-json\/wp\/v2\/pages\/71\/revisions\/6752"}],"up":[{"embeddable":true,"href":"http:\/\/clubcanin-pam.com\/wp\/wp-json\/wp\/v2\/pages\/175"}],"wp:attachment":[{"href":"http:\/\/clubcanin-pam.com\/wp\/wp-json\/wp\/v2\/media?parent=71"}],"curies":[{"name":"wp","href":"https:\/\/api.w.org\/{rel}","templated":true}]}}