{"id":5812,"date":"2019-01-13T17:34:29","date_gmt":"2019-01-13T16:34:29","guid":{"rendered":"http:\/\/clubcanin-pam.com\/wp\/?page_id=5812"},"modified":"2019-01-13T17:38:31","modified_gmt":"2019-01-13T16:38:31","slug":"equipes-chiens-visiteurs","status":"publish","type":"page","link":"http:\/\/clubcanin-pam.com\/wp\/activites\/chiens-visiteurs\/equipes-chiens-visiteurs\/","title":{"rendered":"Equipes chiens visiteurs"},"content":{"rendered":"<p>Les chiens visiteurs du club:<\/p>\n<p><a href=\"http:\/\/clubcanin-pam.com\/wp\/wp-content\/uploads\/2019\/01\/Alexandra_Lover.jpg\"><img fetchpriority=\"high\" decoding=\"async\" class=\"alignnone wp-image-5798 size-medium\" src=\"http:\/\/clubcanin-pam.com\/wp\/wp-content\/uploads\/2019\/01\/Alexandra_Lover-223x300.jpg\" alt=\"\" width=\"223\" height=\"300\" srcset=\"http:\/\/clubcanin-pam.com\/wp\/wp-content\/uploads\/2019\/01\/Alexandra_Lover-223x300.jpg 223w, http:\/\/clubcanin-pam.com\/wp\/wp-content\/uploads\/2019\/01\/Alexandra_Lover.jpg 596w\" sizes=\"(max-width: 223px) 100vw, 223px\" \/><\/a><\/p>\n<p>Alexandra Lartillot avec Lover (Shetland) dipl\u00f4m\u00e9e le 14\/05\/2017<\/p>\n<p><a href=\"http:\/\/clubcanin-pam.com\/wp\/wp-content\/uploads\/2019\/01\/Fran\u00e7oise_-Gothik.jpg\"><img decoding=\"async\" class=\"alignnone size-full wp-image-5805\" src=\"http:\/\/clubcanin-pam.com\/wp\/wp-content\/uploads\/2019\/01\/Fran\u00e7oise_-Gothik.jpg\" alt=\"\" width=\"178\" height=\"280\" \/><\/a><\/p>\n<p>Fran\u00e7oise Fran\u00e7ois avec Gothic (Berger Allemand) dipl\u00f4m\u00e9e le 23\/11\/2014<\/p>\n<p><a href=\"http:\/\/clubcanin-pam.com\/wp\/wp-content\/uploads\/2019\/01\/Fran\u00e7oise_Chess.jpg\"><img decoding=\"async\" class=\"alignnone size-medium wp-image-5806\" src=\"http:\/\/clubcanin-pam.com\/wp\/wp-content\/uploads\/2019\/01\/Fran\u00e7oise_Chess-253x300.jpg\" alt=\"\" width=\"253\" height=\"300\" srcset=\"http:\/\/clubcanin-pam.com\/wp\/wp-content\/uploads\/2019\/01\/Fran\u00e7oise_Chess-253x300.jpg 253w, http:\/\/clubcanin-pam.com\/wp\/wp-content\/uploads\/2019\/01\/Fran\u00e7oise_Chess.jpg 676w\" sizes=\"(max-width: 253px) 100vw, 253px\" \/><\/a><\/p>\n<p>Fran\u00e7oise Fran\u00e7ois avec Chess (Shetland) dipl\u00f4m\u00e9e le 14\/05\/2017<\/p>\n<p><a href=\"http:\/\/clubcanin-pam.com\/wp\/wp-content\/uploads\/2019\/01\/Aline_Paco.jpg\"><img loading=\"lazy\" decoding=\"async\" class=\"size-full wp-image-5799\" src=\"http:\/\/clubcanin-pam.com\/wp\/wp-content\/uploads\/2019\/01\/Aline_Paco.jpg\" alt=\"\" width=\"212\" height=\"280\" \/><\/a><\/p>\n<p>Aline Chenot avec Paco (Labrador) dipl\u00f4m\u00e9e le 15\/03\/2015<\/p>\n<p><a href=\"http:\/\/clubcanin-pam.com\/wp\/wp-content\/uploads\/2019\/01\/Brigitte_Elya.jpg\"><img loading=\"lazy\" decoding=\"async\" class=\"alignnone size-full wp-image-5800\" src=\"http:\/\/clubcanin-pam.com\/wp\/wp-content\/uploads\/2019\/01\/Brigitte_Elya.jpg\" alt=\"\" width=\"158\" height=\"280\" \/><\/a><\/p>\n<p>Brigitte Delize avec Elya (Epagneul Breton) dipl\u00f4m\u00e9e le 23\/11\/2014<\/p>\n<p><a href=\"http:\/\/clubcanin-pam.com\/wp\/wp-content\/uploads\/2019\/01\/Cindy_Milka.jpg\"><img loading=\"lazy\" decoding=\"async\" class=\"alignnone size-medium wp-image-5801\" src=\"http:\/\/clubcanin-pam.com\/wp\/wp-content\/uploads\/2019\/01\/Cindy_Milka-300x225.jpg\" alt=\"\" width=\"300\" height=\"225\" srcset=\"http:\/\/clubcanin-pam.com\/wp\/wp-content\/uploads\/2019\/01\/Cindy_Milka-300x225.jpg 300w, http:\/\/clubcanin-pam.com\/wp\/wp-content\/uploads\/2019\/01\/Cindy_Milka-768x576.jpg 768w, http:\/\/clubcanin-pam.com\/wp\/wp-content\/uploads\/2019\/01\/Cindy_Milka-1024x768.jpg 1024w, http:\/\/clubcanin-pam.com\/wp\/wp-content\/uploads\/2019\/01\/Cindy_Milka.jpg 1070w\" sizes=\"(max-width: 300px) 100vw, 300px\" \/><\/a><\/p>\n<p>Cindy Constant avec Milka (Berger Australien) dipl\u00f4m\u00e9e le 14\/05\/2017<\/p>\n<p><a href=\"http:\/\/clubcanin-pam.com\/wp\/wp-content\/uploads\/2019\/01\/Dany_Igor.jpg\"><img loading=\"lazy\" decoding=\"async\" class=\"alignnone size-full wp-image-5802\" src=\"http:\/\/clubcanin-pam.com\/wp\/wp-content\/uploads\/2019\/01\/Dany_Igor.jpg\" alt=\"\" width=\"215\" height=\"280\" \/><\/a><\/p>\n<p>Dany Marangon avec Igor (Berger d\u2019Anatolie) dipl\u00f4m\u00e9e le 23\/11\/2014<\/p>\n<p><a href=\"http:\/\/clubcanin-pam.com\/wp\/wp-content\/uploads\/2019\/01\/Dany_Maya.jpg\"><img loading=\"lazy\" decoding=\"async\" class=\"alignnone size-medium wp-image-5803\" src=\"http:\/\/clubcanin-pam.com\/wp\/wp-content\/uploads\/2019\/01\/Dany_Maya-168x300.jpg\" alt=\"\" width=\"168\" height=\"300\" srcset=\"http:\/\/clubcanin-pam.com\/wp\/wp-content\/uploads\/2019\/01\/Dany_Maya-168x300.jpg 168w, http:\/\/clubcanin-pam.com\/wp\/wp-content\/uploads\/2019\/01\/Dany_Maya.jpg 449w\" sizes=\"(max-width: 168px) 100vw, 168px\" \/><\/a><\/p>\n<p>Dany Marangon avec Maya (Border) dipl\u00f4m\u00e9e le 14\/05\/2017<\/p>\n<p><a href=\"http:\/\/clubcanin-pam.com\/wp\/wp-content\/uploads\/2019\/01\/Elise_Little.jpg\"><img loading=\"lazy\" decoding=\"async\" class=\"alignnone size-medium wp-image-5804\" src=\"http:\/\/clubcanin-pam.com\/wp\/wp-content\/uploads\/2019\/01\/Elise_Little-300x292.jpg\" alt=\"\" width=\"300\" height=\"292\" srcset=\"http:\/\/clubcanin-pam.com\/wp\/wp-content\/uploads\/2019\/01\/Elise_Little-300x292.jpg 300w, http:\/\/clubcanin-pam.com\/wp\/wp-content\/uploads\/2019\/01\/Elise_Little-768x747.jpg 768w, http:\/\/clubcanin-pam.com\/wp\/wp-content\/uploads\/2019\/01\/Elise_Little.jpg 824w\" sizes=\"(max-width: 300px) 100vw, 300px\" \/><\/a><\/p>\n<p>Elise Pereira avec Little (Shetland) dipl\u00f4m\u00e9e le 14\/05\/2017<\/p>\n<p><a href=\"http:\/\/clubcanin-pam.com\/wp\/wp-content\/uploads\/2019\/01\/Nathalie_Tomy.jpg\"><img loading=\"lazy\" decoding=\"async\" class=\"alignnone size-medium wp-image-5808\" src=\"http:\/\/clubcanin-pam.com\/wp\/wp-content\/uploads\/2019\/01\/Nathalie_Tomy-201x300.jpg\" alt=\"\" width=\"201\" height=\"300\" srcset=\"http:\/\/clubcanin-pam.com\/wp\/wp-content\/uploads\/2019\/01\/Nathalie_Tomy-201x300.jpg 201w, http:\/\/clubcanin-pam.com\/wp\/wp-content\/uploads\/2019\/01\/Nathalie_Tomy.jpg 537w\" sizes=\"(max-width: 201px) 100vw, 201px\" \/><\/a><\/p>\n<p>Nathalie Dumon avec Tomy (Bichon Fris\u00e9) dipl\u00f4m\u00e9e le 14\/05\/2017<\/p>\n<p><a href=\"http:\/\/clubcanin-pam.com\/wp\/wp-content\/uploads\/2019\/01\/V\u00e9ronique_Django.jpg\"><img loading=\"lazy\" decoding=\"async\" class=\"alignnone size-medium wp-image-5809\" src=\"http:\/\/clubcanin-pam.com\/wp\/wp-content\/uploads\/2019\/01\/V\u00e9ronique_Django-193x300.jpg\" alt=\"\" width=\"193\" height=\"300\" srcset=\"http:\/\/clubcanin-pam.com\/wp\/wp-content\/uploads\/2019\/01\/V\u00e9ronique_Django-193x300.jpg 193w, http:\/\/clubcanin-pam.com\/wp\/wp-content\/uploads\/2019\/01\/V\u00e9ronique_Django.jpg 515w\" sizes=\"(max-width: 193px) 100vw, 193px\" \/><\/a><\/p>\n<p>V\u00e9ronique Hauden avec Django (Bouvier Bernois) dipl\u00f4m\u00e9e le 14\/05\/2017<\/p>\n<p><a href=\"http:\/\/clubcanin-pam.com\/wp\/wp-content\/uploads\/2019\/01\/Virginie_Alaska.jpg\"><img loading=\"lazy\" decoding=\"async\" class=\"alignnone size-medium wp-image-5810\" src=\"http:\/\/clubcanin-pam.com\/wp\/wp-content\/uploads\/2019\/01\/Virginie_Alaska-191x300.jpg\" alt=\"\" width=\"191\" height=\"300\" srcset=\"http:\/\/clubcanin-pam.com\/wp\/wp-content\/uploads\/2019\/01\/Virginie_Alaska-191x300.jpg 191w, http:\/\/clubcanin-pam.com\/wp\/wp-content\/uploads\/2019\/01\/Virginie_Alaska.jpg 510w\" sizes=\"(max-width: 191px) 100vw, 191px\" \/><\/a><\/p>\n<p>Virginie Louviot avec Alaska (Bouvier Bernois) dipl\u00f4m\u00e9e le 14\/05\/17<\/p>\n<p><a href=\"http:\/\/clubcanin-pam.com\/wp\/wp-content\/uploads\/2019\/01\/JF_Da\u00efka.jpg\"><img loading=\"lazy\" decoding=\"async\" class=\"alignnone size-full wp-image-5807\" src=\"http:\/\/clubcanin-pam.com\/wp\/wp-content\/uploads\/2019\/01\/JF_Da\u00efka.jpg\" alt=\"\" width=\"174\" height=\"280\" \/><\/a><\/p>\n<p>Jean-Fran\u00e7ois Seemann avec Da\u00efka (Golden) dipl\u00f4m\u00e9 le 21\/10\/2012<\/p>\n","protected":false},"excerpt":{"rendered":"<p>Les chiens visiteurs du club: Alexandra Lartillot avec Lover (Shetland) dipl\u00f4m\u00e9e le 14\/05\/2017 Fran\u00e7oise Fran\u00e7ois avec Gothic (Berger Allemand) dipl\u00f4m\u00e9e [&hellip;]<\/p>\n","protected":false},"author":1,"featured_media":0,"parent":164,"menu_order":0,"comment_status":"closed","ping_status":"closed","template":"","meta":{"_mc_calendar":[],"footnotes":""},"class_list":["post-5812","page","type-page","status-publish","hentry"],"_links":{"self":[{"href":"http:\/\/clubcanin-pam.com\/wp\/wp-json\/wp\/v2\/pages\/5812","targetHints":{"allow":["GET"]}}],"collection":[{"href":"http:\/\/clubcanin-pam.com\/wp\/wp-json\/wp\/v2\/pages"}],"about":[{"href":"http:\/\/clubcanin-pam.com\/wp\/wp-json\/wp\/v2\/types\/page"}],"author":[{"embeddable":true,"href":"http:\/\/clubcanin-pam.com\/wp\/wp-json\/wp\/v2\/users\/1"}],"replies":[{"embeddable":true,"href":"http:\/\/clubcanin-pam.com\/wp\/wp-json\/wp\/v2\/comments?post=5812"}],"version-history":[{"count":1,"href":"http:\/\/clubcanin-pam.com\/wp\/wp-json\/wp\/v2\/pages\/5812\/revisions"}],"predecessor-version":[{"id":5813,"href":"http:\/\/clubcanin-pam.com\/wp\/wp-json\/wp\/v2\/pages\/5812\/revisions\/5813"}],"up":[{"embeddable":true,"href":"http:\/\/clubcanin-pam.com\/wp\/wp-json\/wp\/v2\/pages\/164"}],"wp:attachment":[{"href":"http:\/\/clubcanin-pam.com\/wp\/wp-json\/wp\/v2\/media?parent=5812"}],"curies":[{"name":"wp","href":"https:\/\/api.w.org\/{rel}","templated":true}]}}