{"id":46,"date":"2015-01-02T17:14:09","date_gmt":"2015-01-02T16:14:09","guid":{"rendered":"http:\/\/clubcanin-pam.com\/wp\/?page_id=46"},"modified":"2021-04-05T18:30:22","modified_gmt":"2021-04-05T17:30:22","slug":"education-canine","status":"publish","type":"page","link":"http:\/\/clubcanin-pam.com\/wp\/activites\/education-canine\/","title":{"rendered":"Education canine"},"content":{"rendered":"<p><a href=\"http:\/\/clubcanin-pam.com\/wp\/wp-content\/uploads\/2021\/04\/P1430268.jpg\"><img decoding=\"async\" class=\"alignnone size-medium wp-image-7221\" src=\"http:\/\/clubcanin-pam.com\/wp\/wp-content\/uploads\/2021\/04\/P1430268-300x111.jpg\" alt=\"\" width=\"300\" height=\"111\" srcset=\"http:\/\/clubcanin-pam.com\/wp\/wp-content\/uploads\/2021\/04\/P1430268-300x111.jpg 300w, http:\/\/clubcanin-pam.com\/wp\/wp-content\/uploads\/2021\/04\/P1430268-768x283.jpg 768w, http:\/\/clubcanin-pam.com\/wp\/wp-content\/uploads\/2021\/04\/P1430268-1024x377.jpg 1024w\" sizes=\"(max-width: 300px) 100vw, 300px\" \/><\/a><\/p>\n<p>L&rsquo;\u00e9ducation canine permet permet d&rsquo;\u00e9duquer son chien aux bonnes mani\u00e8res: marche en laisse sans tirer, assis, couch\u00e9, attendre son ma\u00eetre&#8230; le tout en confiance et dans la bonne humeur, par une m\u00e9thode \u00e9thologique.<\/p>\n<p>Chaque s\u00e9ance peut comporter une s\u00e9quence de socialisation, des exercices d&rsquo;ob\u00e9issance, une approche de l&rsquo;ob\u00e9rythm\u00e9e ou l&rsquo;apprentissage des obstacles de type agility.<\/p>\n<p><a href=\"http:\/\/clubcanin-pam.com\/wp\/activites\/education-canine\/seances-du-samedi\/\">Consultez les horaires<\/a> des diff\u00e9rents groupes d&rsquo;\u00e9ducation.<\/p>\n<p>Pour en savoir plus sur la m\u00e9thode naturelle <a href=\"http:\/\/activites-canines.com\/\">consultez le site de la CNEAC<\/a>.<\/p>\n<p><a href=\"http:\/\/clubcanin-pam.com\/wp\/wp-content\/uploads\/2021\/04\/P1430274.jpg\"><img decoding=\"async\" class=\"alignnone size-medium wp-image-7223\" src=\"http:\/\/clubcanin-pam.com\/wp\/wp-content\/uploads\/2021\/04\/P1430274-300x109.jpg\" alt=\"\" width=\"300\" height=\"109\" srcset=\"http:\/\/clubcanin-pam.com\/wp\/wp-content\/uploads\/2021\/04\/P1430274-300x109.jpg 300w, http:\/\/clubcanin-pam.com\/wp\/wp-content\/uploads\/2021\/04\/P1430274-768x278.jpg 768w, http:\/\/clubcanin-pam.com\/wp\/wp-content\/uploads\/2021\/04\/P1430274-1024x371.jpg 1024w\" sizes=\"(max-width: 300px) 100vw, 300px\" \/><\/a><\/p>\n","protected":false},"excerpt":{"rendered":"<p>L&rsquo;\u00e9ducation canine permet permet d&rsquo;\u00e9duquer son chien aux bonnes mani\u00e8res: marche en laisse sans tirer, assis, couch\u00e9, attendre son ma\u00eetre&#8230; [&hellip;]<\/p>\n","protected":false},"author":1,"featured_media":1664,"parent":41,"menu_order":1,"comment_status":"open","ping_status":"open","template":"","meta":{"_mc_calendar":[],"footnotes":""},"class_list":["post-46","page","type-page","status-publish","has-post-thumbnail","hentry"],"_links":{"self":[{"href":"http:\/\/clubcanin-pam.com\/wp\/wp-json\/wp\/v2\/pages\/46","targetHints":{"allow":["GET"]}}],"collection":[{"href":"http:\/\/clubcanin-pam.com\/wp\/wp-json\/wp\/v2\/pages"}],"about":[{"href":"http:\/\/clubcanin-pam.com\/wp\/wp-json\/wp\/v2\/types\/page"}],"author":[{"embeddable":true,"href":"http:\/\/clubcanin-pam.com\/wp\/wp-json\/wp\/v2\/users\/1"}],"replies":[{"embeddable":true,"href":"http:\/\/clubcanin-pam.com\/wp\/wp-json\/wp\/v2\/comments?post=46"}],"version-history":[{"count":10,"href":"http:\/\/clubcanin-pam.com\/wp\/wp-json\/wp\/v2\/pages\/46\/revisions"}],"predecessor-version":[{"id":7224,"href":"http:\/\/clubcanin-pam.com\/wp\/wp-json\/wp\/v2\/pages\/46\/revisions\/7224"}],"up":[{"embeddable":true,"href":"http:\/\/clubcanin-pam.com\/wp\/wp-json\/wp\/v2\/pages\/41"}],"wp:featuredmedia":[{"embeddable":true,"href":"http:\/\/clubcanin-pam.com\/wp\/wp-json\/wp\/v2\/media\/1664"}],"wp:attachment":[{"href":"http:\/\/clubcanin-pam.com\/wp\/wp-json\/wp\/v2\/media?parent=46"}],"curies":[{"name":"wp","href":"https:\/\/api.w.org\/{rel}","templated":true}]}}