{"id":21,"date":"2014-12-14T16:08:58","date_gmt":"2014-12-14T15:08:58","guid":{"rendered":"http:\/\/clubcanin-pam.com\/wp\/?page_id=21"},"modified":"2017-03-05T13:45:55","modified_gmt":"2017-03-05T12:45:55","slug":"club-canin-de-pont-a-mousson","status":"publish","type":"page","link":"http:\/\/clubcanin-pam.com\/wp\/","title":{"rendered":"Accueil"},"content":{"rendered":"<p><a href=\"http:\/\/clubcanin-pam.com\/wp\/le-club\/coordonnees\/\">Venez d\u00e9couvrir le Club Canin de Pont \u00e0 Mousson<\/a> (Lorraine).<\/p>\n<p>Association g\u00e9r\u00e9e et anim\u00e9e par des b\u00e9n\u00e9voles, moniteurs dipl\u00f4m\u00e9s de la Soci\u00e9t\u00e9 Centrale Canine, au service du chien, de son \u00e9ducation, de son int\u00e9gration dans la vie et dans la ville, sans oublier sport et comp\u00e9titions canines, \u00e0 travers des m\u00e9thodes ludiques et dans un climat convivial&#8230; pour le plaisir des chiens et des ma\u00eetres!<\/p>\n","protected":false},"excerpt":{"rendered":"<p>Venez d\u00e9couvrir le Club Canin de Pont \u00e0 Mousson (Lorraine). Association g\u00e9r\u00e9e et anim\u00e9e par des b\u00e9n\u00e9voles, moniteurs dipl\u00f4m\u00e9s de [&hellip;]<\/p>\n","protected":false},"author":1,"featured_media":0,"parent":0,"menu_order":0,"comment_status":"open","ping_status":"closed","template":"","meta":{"_mc_calendar":[],"footnotes":""},"class_list":["post-21","page","type-page","status-publish","hentry"],"_links":{"self":[{"href":"http:\/\/clubcanin-pam.com\/wp\/wp-json\/wp\/v2\/pages\/21","targetHints":{"allow":["GET"]}}],"collection":[{"href":"http:\/\/clubcanin-pam.com\/wp\/wp-json\/wp\/v2\/pages"}],"about":[{"href":"http:\/\/clubcanin-pam.com\/wp\/wp-json\/wp\/v2\/types\/page"}],"author":[{"embeddable":true,"href":"http:\/\/clubcanin-pam.com\/wp\/wp-json\/wp\/v2\/users\/1"}],"replies":[{"embeddable":true,"href":"http:\/\/clubcanin-pam.com\/wp\/wp-json\/wp\/v2\/comments?post=21"}],"version-history":[{"count":9,"href":"http:\/\/clubcanin-pam.com\/wp\/wp-json\/wp\/v2\/pages\/21\/revisions"}],"predecessor-version":[{"id":7898,"href":"http:\/\/clubcanin-pam.com\/wp\/wp-json\/wp\/v2\/pages\/21\/revisions\/7898"}],"wp:attachment":[{"href":"http:\/\/clubcanin-pam.com\/wp\/wp-json\/wp\/v2\/media?parent=21"}],"curies":[{"name":"wp","href":"https:\/\/api.w.org\/{rel}","templated":true}]}}