{"id":1291,"date":"2015-11-21T15:02:08","date_gmt":"2015-11-21T14:02:08","guid":{"rendered":"http:\/\/clubcanin-pam.com\/wp\/?page_id=1291"},"modified":"2021-03-26T09:30:34","modified_gmt":"2021-03-26T08:30:34","slug":"le-comite","status":"publish","type":"page","link":"http:\/\/clubcanin-pam.com\/wp\/le-club\/presentation\/le-comite\/","title":{"rendered":"Le Comit\u00e9"},"content":{"rendered":"<h2>Bureau 2020<\/h2>\n<div class=\"row\">\n<div class=\"col-sm-4 text-center\">\n<div style=\"background-color: #eee; margin-top: 10px;\">Alexandra Lartillot<\/div>\n<div><strong>Pr\u00e9sidente<\/strong><\/div>\n<div><a href=\"http:\/\/clubcanin-pam.com\/wp\/wp-content\/uploads\/2015\/11\/monit_alexandra-1-1.jpg\"><img fetchpriority=\"high\" decoding=\"async\" class=\"center-block\" src=\"http:\/\/clubcanin-pam.com\/wp\/wp-content\/uploads\/2015\/11\/monit_alexandra-1-1.jpg\" alt=\"\" width=\"280\" height=\"250\" \/><\/a><\/div>\n<div>T\u00e9l:06 14 65 85 28 \/ 0688945273<\/div>\n<div><a href=\"mailto:alex.francis@wanadoo.fr\">Email<\/a><\/div>\n<\/div>\n<div class=\"col-sm-4 text-center\">\n<div style=\"background-color: #eee; margin-top: 10px;\">Anne Bragard<\/div>\n<div><strong>Vice Pr\u00e9sidente et Vice Tr\u00e9sori\u00e8re<\/strong><\/div>\n<div><img decoding=\"async\" class=\"center-block\" src=\"http:\/\/clubcanin-pam.com\/wp\/wp-content\/uploads\/2015\/11\/anne4.jpg\" alt=\"\" \/><\/div>\n<div>T\u00e9l:03 83 82 54 73<\/div>\n<div><a href=\"mailto:anne.bragard@wanadoo.fr\">Email<\/a><\/div>\n<\/div>\n<div class=\"col-sm-4 text-center\">\n<div style=\"background-color: #eee; margin-top: 10px;\">Daniel Fichter<\/div>\n<div><strong>Tr\u00e9sorier\u00a0<\/strong><\/div>\n<div><img decoding=\"async\" class=\"center-block\" src=\"http:\/\/clubcanin-pam.com\/wp\/wp-content\/uploads\/2015\/11\/daniel.jpg\" alt=\"\" \/><\/div>\n<div>T\u00e9l:06 20 91 10 15<\/div>\n<div><a href=\"mailto:daniel.fichter@laposte.net\">Email<\/a><\/div>\n<\/div>\n<div class=\"col-sm-4 text-center\">\n<div style=\"background-color: #eee; margin-top: 10px;\">Cindy Constant<\/div>\n<div><strong>Secr\u00e9taire<\/strong><\/div>\n<div><a href=\"http:\/\/clubcanin-pam.com\/wp\/wp-content\/uploads\/2015\/11\/18447396_10212966291975807_6762992552930942960_n.jpg\"><img decoding=\"async\" class=\"center-block\" src=\"http:\/\/clubcanin-pam.com\/wp\/wp-content\/uploads\/2015\/11\/18447396_10212966291975807_6762992552930942960_n-225x300.jpg\" alt=\"\" width=\"225\" height=\"300\" \/><\/a><\/div>\n<\/div>\n<div><\/div>\n<\/div>\n<h2>Autres membres<\/h2>\n<div class=\"row\">\n<div class=\"col-sm-4 text-center\">\n<div style=\"background-color: #eee; margin-top: 10px; margin-bottom: 5px;\"><\/div>\n<div><\/div>\n<div><\/div>\n<\/div>\n<div class=\"col-sm-4 text-center\">\n<div style=\"background-color: #eee; margin-top: 10px; margin-bottom: 5px;\">Jessica Lopez<\/div>\n<div><a href=\"http:\/\/clubcanin-pam.com\/wp\/wp-content\/uploads\/2015\/11\/17457335_1468891566538671_8721750064869244688_n.jpg\"><img decoding=\"async\" class=\"center-block\" src=\"http:\/\/clubcanin-pam.com\/wp\/wp-content\/uploads\/2015\/11\/17457335_1468891566538671_8721750064869244688_n-200x300.jpg\" alt=\"\" width=\"200\" height=\"300\" \/><\/a><\/div>\n<\/div>\n<div class=\"col-sm-4 text-center\">\n<div style=\"background-color: #eee; margin-top: 10px; margin-bottom: 5px;\"><\/div>\n<\/div>\n<div class=\"col-sm-4 text-center\">\n<div><\/div>\n<div><\/div>\n<div><\/div>\n<div style=\"background-color: #eee; margin-top: 10px; margin-bottom: 5px;\">Lorelei Pansiot<\/div>\n<div><a href=\"http:\/\/clubcanin-pam.com\/wp\/wp-content\/uploads\/2020\/02\/16684563_1201661456617685_781895076_n-300x300.jpg\"><img loading=\"lazy\" decoding=\"async\" class=\"alignnone size-full wp-image-6655\" src=\"http:\/\/clubcanin-pam.com\/wp\/wp-content\/uploads\/2020\/02\/16684563_1201661456617685_781895076_n-300x300.jpg\" alt=\"\" width=\"300\" height=\"300\" srcset=\"http:\/\/clubcanin-pam.com\/wp\/wp-content\/uploads\/2020\/02\/16684563_1201661456617685_781895076_n-300x300.jpg 300w, http:\/\/clubcanin-pam.com\/wp\/wp-content\/uploads\/2020\/02\/16684563_1201661456617685_781895076_n-300x300-150x150.jpg 150w\" sizes=\"(max-width: 300px) 100vw, 300px\" \/><\/a><\/div>\n<\/div>\n<div class=\"col-sm-4 text-center\">\n<div style=\"background-color: #eee; margin-top: 10px; margin-bottom: 5px;\">Jean-Fran\u00e7ois Seemann<\/div>\n<div><img loading=\"lazy\" decoding=\"async\" class=\"center-block\" src=\"http:\/\/clubcanin-pam.com\/wp\/wp-content\/uploads\/2015\/11\/jeanfrancois.jpg\" alt=\"\" width=\"170\" height=\"250\" \/><\/div>\n<\/div>\n<\/div>\n<h6><strong>Pascal Rabetge<\/strong><\/h6>\n<p><a href=\"http:\/\/clubcanin-pam.com\/wp\/wp-content\/uploads\/2020\/02\/Pascal-Rabetge-avec-Mandy-300x225.jpg\"><img loading=\"lazy\" decoding=\"async\" class=\"alignnone size-medium wp-image-6656\" src=\"http:\/\/clubcanin-pam.com\/wp\/wp-content\/uploads\/2020\/02\/Pascal-Rabetge-avec-Mandy-300x225-300x225.jpg\" alt=\"\" width=\"300\" height=\"225\" \/><\/a><\/p>\n<h2>A\u00a0qui vous adresser<\/h2>\n<p><strong>Accueil &#8211; Inscriptions : <\/strong><\/p>\n<p style=\"padding-left: 30px;\">\u00a0<a href=\"mailto:%20anne.bragard@wanadoo.fr\">Anne Bragard ou Cindy Constant<\/a><\/p>\n<p><strong>Education :<\/strong><\/p>\n<p style=\"padding-left: 30px;\">Responsable : Pascal Rabetge<\/p>\n<p style=\"padding-left: 30px;\">\n<p><strong>Agility :<\/strong><\/p>\n<p style=\"padding-left: 30px;\">Responsable : <a href=\"mailto:alex.francis@wanadoo.fr\">Alexandra Lartillot<\/a><\/p>\n<p><strong>Chiens Visiteurs :<\/strong><\/p>\n<p><a href=\"mailto:%20jef54@orange.fr\">Jean-Fran\u00e7ois Seemann<\/a><\/p>\n<p><strong>Ob\u00e9issance :<\/strong><\/p>\n<p>Lorelei Pansiot<\/p>\n<p><strong>Cani cross :<\/strong><\/p>\n<p>Jessica Lopez<\/p>\n<p><strong>Croquettes PP :<\/strong><\/p>\n<p>Commandes : <a href=\"mailto:%20anne.bragard@wanadoo.fr\">Anne Bragard<\/a><\/p>\n<p><strong>Amicale :<\/strong><\/p>\n<p>Fran\u00e7oise Fran\u00e7ois<\/p>\n<p><strong>Communication :<\/strong><\/p>\n<p>Site internet et Facebook : <a href=\"mailto:daniel.fichter@laposte.net\">Daniel Fichter<\/a> et\u00a0 Alexandra Lartillot<\/p>\n","protected":false},"excerpt":{"rendered":"<p>Bureau 2020 Alexandra Lartillot Pr\u00e9sidente T\u00e9l:06 14 65 85 28 \/ 0688945273 Email Anne Bragard Vice Pr\u00e9sidente et Vice Tr\u00e9sori\u00e8re [&hellip;]<\/p>\n","protected":false},"author":1,"featured_media":0,"parent":71,"menu_order":0,"comment_status":"closed","ping_status":"closed","template":"","meta":{"_mc_calendar":[],"footnotes":""},"class_list":["post-1291","page","type-page","status-publish","hentry"],"_links":{"self":[{"href":"http:\/\/clubcanin-pam.com\/wp\/wp-json\/wp\/v2\/pages\/1291","targetHints":{"allow":["GET"]}}],"collection":[{"href":"http:\/\/clubcanin-pam.com\/wp\/wp-json\/wp\/v2\/pages"}],"about":[{"href":"http:\/\/clubcanin-pam.com\/wp\/wp-json\/wp\/v2\/types\/page"}],"author":[{"embeddable":true,"href":"http:\/\/clubcanin-pam.com\/wp\/wp-json\/wp\/v2\/users\/1"}],"replies":[{"embeddable":true,"href":"http:\/\/clubcanin-pam.com\/wp\/wp-json\/wp\/v2\/comments?post=1291"}],"version-history":[{"count":38,"href":"http:\/\/clubcanin-pam.com\/wp\/wp-json\/wp\/v2\/pages\/1291\/revisions"}],"predecessor-version":[{"id":7190,"href":"http:\/\/clubcanin-pam.com\/wp\/wp-json\/wp\/v2\/pages\/1291\/revisions\/7190"}],"up":[{"embeddable":true,"href":"http:\/\/clubcanin-pam.com\/wp\/wp-json\/wp\/v2\/pages\/71"}],"wp:attachment":[{"href":"http:\/\/clubcanin-pam.com\/wp\/wp-json\/wp\/v2\/media?parent=1291"}],"curies":[{"name":"wp","href":"https:\/\/api.w.org\/{rel}","templated":true}]}}